{"id":1192,"date":"2025-04-22T10:36:57","date_gmt":"2025-04-22T08:36:57","guid":{"rendered":"https:\/\/cofund.physique-upsaclay.fr\/?page_id=1192"},"modified":"2025-04-28T15:52:29","modified_gmt":"2025-04-28T13:52:29","slug":"aime-cotton-laboratory-lac","status":"publish","type":"page","link":"https:\/\/cofund.physique-upsaclay.fr\/index.php\/aime-cotton-laboratory-lac\/","title":{"rendered":"Aim\u00e9 Cotton Laboratory (LAC)"},"content":{"rendered":"\n<p><blockquote class=\"wp-embedded-content\" data-secret=\"En2IaWDa8Y\"><a href=\"http:\/\/www.lac.universite-paris-saclay.fr\/?page_id=2119&#038;lang=en\">About LAC<\/a><\/blockquote><iframe loading=\"lazy\" class=\"wp-embedded-content\" sandbox=\"allow-scripts\" security=\"restricted\" style=\"position: absolute; visibility: hidden;\" title=\"&#8220;About LAC&#8221; &#8212; LAC\" src=\"http:\/\/www.lac.universite-paris-saclay.fr\/?page_id=2119&#038;lang=en&#038;embed=true#?secret=AO1DmJxZ43#?secret=En2IaWDa8Y\" data-secret=\"En2IaWDa8Y\" width=\"500\" height=\"282\" frameborder=\"0\" marginwidth=\"0\" marginheight=\"0\" scrolling=\"no\"><\/iframe><\/p>\n\n\n\n<p>The <strong>Laboratoire Aim\u00e9-Cotton<\/strong> (LAC), located in <a href=\"https:\/\/en.wikipedia.org\/wiki\/Orsay\">Orsay<\/a>, is an evolutionary research formation (FRE n<sup>o<\/sup>&nbsp;2038) of the <a href=\"https:\/\/fr.wikipedia.org\/wiki\/Centre_national_de_la_recherche_scientifique\">Centre National de la Recherche Scientifique<\/a> (CNRS) and the <a href=\"https:\/\/en.wikipedia.org\/wiki\/Paris-Saclay_University\">Universit\u00e9 Paris-Saclay<\/a>. It was created at the initiative of the famous physicist <a href=\"https:\/\/en.wikipedia.org\/wiki\/Aim%C3%A9_Cotton\" target=\"_blank\" rel=\"noreferrer noopener\">Aim\u00e9 Cotton<\/a>, the project was started as early as 1914 to be finally inaugurated by Aim\u00e9 Cotton on July 9, 1928.<\/p>\n\n\n<div class=\"taxonomy-post_tag wp-block-post-terms\"><a href=\"https:\/\/cofund.physique-upsaclay.fr\/index.php\/tag\/advanced_spectroscopies\/\" rel=\"tag\">Advanced spectroscopies : from the gas phase to the condensed matter<\/a><span class=\"wp-block-post-terms__separator\">, <\/span><a href=\"https:\/\/cofund.physique-upsaclay.fr\/index.php\/tag\/cold_atoms_simulators\/\" rel=\"tag\">Cold atoms simulators<\/a><span class=\"wp-block-post-terms__separator\">, <\/span><a href=\"https:\/\/cofund.physique-upsaclay.fr\/index.php\/tag\/correlated_electrons\/\" rel=\"tag\">Correlated electrons<\/a><span class=\"wp-block-post-terms__separator\">, <\/span><a href=\"https:\/\/cofund.physique-upsaclay.fr\/index.php\/tag\/elementary_quantum_systems\/\" rel=\"tag\">Elementary Quantum systems<\/a><span class=\"wp-block-post-terms__separator\">, <\/span><a href=\"https:\/\/cofund.physique-upsaclay.fr\/index.php\/tag\/high-intensity_laser-matter_interaction\/\" rel=\"tag\">High-intensity laser-matter interaction<\/a><span class=\"wp-block-post-terms__separator\">, <\/span><a href=\"https:\/\/cofund.physique-upsaclay.fr\/index.php\/tag\/laboratory_astrophysics\/\" rel=\"tag\">Laboratory astrophysics<\/a><span class=\"wp-block-post-terms__separator\">, <\/span><a href=\"https:\/\/cofund.physique-upsaclay.fr\/index.php\/tag\/light_particle_sources\/\" rel=\"tag\">Light and particle sources<\/a><span class=\"wp-block-post-terms__separator\">, <\/span><a href=\"https:\/\/cofund.physique-upsaclay.fr\/index.php\/tag\/memristors\/\" rel=\"tag\">Memristors<\/a><span class=\"wp-block-post-terms__separator\">, <\/span><a href=\"https:\/\/cofund.physique-upsaclay.fr\/index.php\/tag\/nanophotonics\/\" rel=\"tag\">Nanophotonics<\/a><span class=\"wp-block-post-terms__separator\">, <\/span><a href=\"https:\/\/cofund.physique-upsaclay.fr\/index.php\/tag\/physics_plasmas\/\" rel=\"tag\">Physics of plasmas<\/a><span class=\"wp-block-post-terms__separator\">, <\/span><a href=\"https:\/\/cofund.physique-upsaclay.fr\/index.php\/tag\/quantum_sensing_optics_qubits\/\" rel=\"tag\">Quantum sensing, optics and qubits<\/a><span class=\"wp-block-post-terms__separator\">, <\/span><a href=\"https:\/\/cofund.physique-upsaclay.fr\/index.php\/tag\/rydberg_atoms\/\" rel=\"tag\">Rydberg atoms<\/a><\/div>\n\n\n<p><\/p>\n","protected":false},"excerpt":{"rendered":"<p>About LAC The Laboratoire Aim\u00e9-Cotton (LAC), located in Orsay, is an evolutionary research formation (FRE no&nbsp;2038) of the Centre National de la Recherche Scientifique (CNRS) and the Universit\u00e9 Paris-Saclay. It was created at the initiative of the famous physicist Aim\u00e9 Cotton, the project was started as early as 1914 to be finally inaugurated by Aim\u00e9 [&hellip;]<\/p>\n","protected":false},"author":1,"featured_media":0,"parent":0,"menu_order":0,"comment_status":"closed","ping_status":"closed","template":"","meta":{"footnotes":""},"categories":[30],"tags":[149,157,158,163,173,45,178,185,200,212,216,217],"class_list":["post-1192","page","type-page","status-publish","hentry","category-phom","tag-advanced_spectroscopies","tag-cold_atoms_simulators","tag-correlated_electrons","tag-elementary_quantum_systems","tag-high-intensity_laser-matter_interaction","tag-laboratory_astrophysics","tag-light_particle_sources","tag-memristors","tag-nanophotonics","tag-physics_plasmas","tag-quantum_sensing_optics_qubits","tag-rydberg_atoms"],"_links":{"self":[{"href":"https:\/\/cofund.physique-upsaclay.fr\/index.php\/wp-json\/wp\/v2\/pages\/1192","targetHints":{"allow":["GET"]}}],"collection":[{"href":"https:\/\/cofund.physique-upsaclay.fr\/index.php\/wp-json\/wp\/v2\/pages"}],"about":[{"href":"https:\/\/cofund.physique-upsaclay.fr\/index.php\/wp-json\/wp\/v2\/types\/page"}],"author":[{"embeddable":true,"href":"https:\/\/cofund.physique-upsaclay.fr\/index.php\/wp-json\/wp\/v2\/users\/1"}],"replies":[{"embeddable":true,"href":"https:\/\/cofund.physique-upsaclay.fr\/index.php\/wp-json\/wp\/v2\/comments?post=1192"}],"version-history":[{"count":2,"href":"https:\/\/cofund.physique-upsaclay.fr\/index.php\/wp-json\/wp\/v2\/pages\/1192\/revisions"}],"predecessor-version":[{"id":1198,"href":"https:\/\/cofund.physique-upsaclay.fr\/index.php\/wp-json\/wp\/v2\/pages\/1192\/revisions\/1198"}],"wp:attachment":[{"href":"https:\/\/cofund.physique-upsaclay.fr\/index.php\/wp-json\/wp\/v2\/media?parent=1192"}],"wp:term":[{"taxonomy":"category","embeddable":true,"href":"https:\/\/cofund.physique-upsaclay.fr\/index.php\/wp-json\/wp\/v2\/categories?post=1192"},{"taxonomy":"post_tag","embeddable":true,"href":"https:\/\/cofund.physique-upsaclay.fr\/index.php\/wp-json\/wp\/v2\/tags?post=1192"}],"curies":[{"name":"wp","href":"https:\/\/api.w.org\/{rel}","templated":true}]}}